{"id":3754,"date":"2025-08-27T10:15:36","date_gmt":"2025-08-27T08:15:36","guid":{"rendered":"https:\/\/cinfrance.fr\/?page_id=3754"},"modified":"2025-08-27T10:15:53","modified_gmt":"2025-08-27T08:15:53","slug":"antes","status":"publish","type":"page","link":"https:\/\/cinfrance.fr\/index.php\/antes\/","title":{"rendered":"ANTES"},"content":{"rendered":"<div class=\"wpb-content-wrapper\"><p>[vc_section full_width=\u00a0\u00bbstretch_row\u00a0\u00bb pix_over_visibility=\u00a0\u00bb\u00a0\u00bb responsive_css=\u00a0\u00bb{\u00ab\u00a0pix_res_sm_pt\u00ab\u00a0:\u00ab\u00a040\u00ab\u00a0,\u00ab\u00a0pix_res_sm_pb\u00ab\u00a0:\u00ab\u00a040\u00ab\u00a0,\u00ab\u00a0pix_res_md_pt\u00ab\u00a0:\u00ab\u00a040\u00ab\u00a0,\u00ab\u00a0pix_res_md_pb\u00ab\u00a0:\u00ab\u00a040\u00ab\u00a0}\u00a0\u00bb css=\u00a0\u00bb.vc_custom_1631799453043{padding-top: 0px !important;padding-bottom: 80px !important;}\u00a0\u00bb t_custom_height=\u00a0\u00bb300px\u00a0\u00bb b_custom_height=\u00a0\u00bb300px\u00a0\u00bb][vc_row pix_particles_check=\u00a0\u00bb\u00a0\u00bb][vc_column width=\u00a0\u00bb7\/12&Prime;]<div class=\"pix-el-text slide-in-container w-100  \" ><p class=\"  text-dark-opacity-5  \" >Le syst\u00e8me de contr\u00f4le des importations &#8211; ou Import Control System (ICS) &#8211; est issu du code des douanes communautaire, qui a \u00e9t\u00e9 abrog\u00e9 et remplac\u00e9 par le code des douanes de l\u2019Union (CDU) depuis le 1er mai 2016. Il est codifi\u00e9 aux articles 127 \u00e0 130 du CDU.<\/p>\n<p>Ce dispositif repose sur un syst\u00e8me commun de <strong style=\"color: #EE8530\">gestion des risques<\/strong> pour toute marchandise entrant sur le territoire douanier de l\u2019Union et il permet aux autorit\u00e9s douani\u00e8res de pouvoir effectuer une analyse de risques \u00e0 des fins de s\u00fbret\u00e9\/s\u00e9curit\u00e9.<\/p><\/div>[\/vc_column][vc_column width=\u00a0\u00bb5\/12&Prime; css=\u00a0\u00bb.vc_custom_1633947264785{margin-top: -34px !important;}\u00a0\u00bb]<div id=\"1633946890982-55494c64-b66d\" class=\"text-left \"><h5 class=\"   text-heading-default \" style=\"padding-top:20px;\"  ><\/h5><div class=\"text-text-gray      \" style=\"padding-top:20px;\"  ><\/div><\/div>[vc_single_image image=\u00a0\u00bb3756&Prime; img_size=\u00a0\u00bbfull\u00a0\u00bb css_animation=\u00a0\u00bbfadeIn\u00a0\u00bb][\/vc_column][\/vc_row][vc_row pix_particles_check=\u00a0\u00bb\u00a0\u00bb][vc_column]<div class=\"pix-el-text slide-in-container w-100  \" ><p class=\"  text-dark-opacity-5  \" >L\u2019outil ICS permet aux adh\u00e9rents du CIN de satisfaire aux obligations communautaires de <strong style=\"color: #EE8530\">d\u00e9claration anticip\u00e9e des arriv\u00e9es de marchandises<\/strong>. Le CIN assure l\u2019interface entre les op\u00e9rateurs et la douane pour adresser les messages de d\u00e9clarations sommaires d\u2019entr\u00e9e (ENS) ainsi que les notifications d\u2019arriv\u00e9e (NA) et de d\u00e9chargement (ND) des marchandises.<\/p>\n<p>Le CCS CIN est interconnect\u00e9 aux syst\u00e8mes informatiques douaniers pour transmettre les informations des adh\u00e9rents. Les compagnies a\u00e9riennes adressent les LTA m\u00e8res (MAWB) et filles (HAWB) ainsi que le manifeste de vol (FFM) au CIN qui compile les informations afin de composer la d\u00e9claration sommaire d\u2019entr\u00e9e ENS adress\u00e9e \u00e0 la douane.<\/p><\/div>[\/vc_column][\/vc_row][\/vc_section][vc_section full_width=\u00a0\u00bbstretch_row\u00a0\u00bb pix_scale_in=\u00a0\u00bbpix-scale-in-sm\u00a0\u00bb pix_over_visibility=\u00a0\u00bb\u00a0\u00bb css=\u00a0\u00bb.vc_custom_1633955263457{padding-top: 0px !important;background-color: #eaf1f9 !important;}\u00a0\u00bb][vc_row full_width=\u00a0\u00bbstretch_row\u00a0\u00bb content_placement=\u00a0\u00bbmiddle\u00a0\u00bb pix_over_visibility=\u00a0\u00bb2&Prime; pix_particles_check=\u00a0\u00bb\u00a0\u00bb css=\u00a0\u00bb.vc_custom_1633955134339{padding-top: 0px !important;padding-bottom: 0px !important;background-color: #eaf1f9 !important;}\u00a0\u00bb][vc_column content_align=\u00a0\u00bbtext-center\u00a0\u00bb pix_particles_check=\u00a0\u00bb1&Prime; pix_particles=\u00a0\u00bb%5B%7B%22h_position%22%3A%22left%22%2C%22horizontal%22%3A%220%22%2C%22v_position%22%3A%22top%22%2C%22vertical%22%3A%220%22%2C%22pix_particles_type%22%3A%22scroll_parallax%22%2C%22pix_particles_type_2%22%3A%22mouse_parallax%22%2C%22pix_particles_type_3%22%3A%22scroll_rotate%22%2C%22depth%22%3A%220.2%22%2C%22xaxis%22%3A%22100%22%2C%22yaxis%22%3A%220%22%2C%22rotation_speed%22%3A%22300%22%2C%22pix_inverse_rotation%22%3A%22scroll_inverse%22%2C%22pix_infinite_speed%22%3A%22pix-duration-fast%22%2C%22hide%22%3A%22true%22%7D%5D\u00a0\u00bb css=\u00a0\u00bb.vc_custom_1633960317085{padding-top: 0px !important;padding-right: 40px !important;padding-bottom: 20px !important;padding-left: 40px !important;}\u00a0\u00bb]<div class=\"mb-3 text-center  vc_custom_1633960157395\"><h3 class=\"mb-32 pix-sliding-headline font-weight-bold secondary-font\" data-class=\"secondary-font text-heading-default\" data-style=\"\">Les avantages du CIN<\/h3><\/div><div class=\"pix-el-text slide-in-container w-100  \" ><div class=\"d-inline-block\" style=\"max-width:600px;\"><p class=\"  text-dark-opacity-7  \" >Le CIN est interconnect\u00e9 avec la plateforme flightaware qui lui communique les<br \/>\nmouvements des avions d\u00e9collant et atterrissant sur l\u2019a\u00e9roport concern\u00e9. Lorsque le CIN re\u00e7oit cette information, il g\u00e9n\u00e8re l\u2019ENS au d\u00e9part de l\u2019avion et la notification d\u2019arriv\u00e9e et de d\u00e9chargement au pos\u00e9 de l\u2019avion.<\/p><\/div><\/div>[vc_row_inner][vc_column_inner el_class=\u00a0\u00bbfixAlignBloc\u00a0\u00bb width=\u00a0\u00bb1\/2&Prime;]<div id=\"duo-icon-89394377\" class=\"slide-in-container w-100   vc_custom_1634025665145\" ><div class=\"py-2 animate-in\" data-anim-type=\"fade-in-right\" data-anim-delay=\"1000\"><div class=\"pix-feature-list text-18       py-2 d-flex align-items-center\" ><div class=\"pix-mr-10 text-green\" style=\"width:1.5em;min-width:1.5em;height:1.5em;min-width:1.5em;position:relative;line-height:1em;text-align:center;\"><svg width=\"100%\" height=\"100%\" viewBox=\"0 0 24 24\" version=\"1.1\" xmlns=\"http:\/\/www.w3.org\/2000\/svg\" xmlns:xlink=\"http:\/\/www.w3.org\/1999\/xlink\"> <defs><\/defs> <g stroke=\"none\" stroke-width=\"1\" fill=\"none\" fill-rule=\"evenodd\"> <circle fill=\"#000000\" opacity=\"0.3\" cx=\"12\" cy=\"12\" r=\"10\"><\/circle> <path d=\"M16.7689447,7.81768175 C17.1457787,7.41393107 17.7785676,7.39211077 18.1823183,7.76894473 C18.5860689,8.1457787 18.6078892,8.77856757 18.2310553,9.18231825 L11.2310553,16.6823183 C10.8654446,17.0740439 10.2560456,17.107974 9.84920863,16.7592566 L6.34920863,13.7592566 C5.92988278,13.3998345 5.88132125,12.7685345 6.2407434,12.3492086 C6.60016555,11.9298828 7.23146553,11.8813212 7.65079137,12.2407434 L10.4229928,14.616916 L16.7689447,7.81768175 Z\" fill=\"#000000\" fill-rule=\"nonzero\"><\/path> <\/g> <\/svg><\/div><span class=\"text-dark-opacity-5\">Le syst\u00e8me du CIN peut \u00eatre interfac\u00e9 directement avec les logiciels des compagnies a\u00e9riennes<\/span><\/div><div class=\"pix-feature-list text-18       py-2 d-flex align-items-center\" ><div class=\"pix-mr-10 text-green\" style=\"width:1.5em;min-width:1.5em;height:1.5em;min-width:1.5em;position:relative;line-height:1em;text-align:center;\"><svg width=\"100%\" height=\"100%\" viewBox=\"0 0 24 24\" version=\"1.1\" xmlns=\"http:\/\/www.w3.org\/2000\/svg\" xmlns:xlink=\"http:\/\/www.w3.org\/1999\/xlink\"> <defs><\/defs> <g stroke=\"none\" stroke-width=\"1\" fill=\"none\" fill-rule=\"evenodd\"> <circle fill=\"#000000\" opacity=\"0.3\" cx=\"12\" cy=\"12\" r=\"10\"><\/circle> <path d=\"M16.7689447,7.81768175 C17.1457787,7.41393107 17.7785676,7.39211077 18.1823183,7.76894473 C18.5860689,8.1457787 18.6078892,8.77856757 18.2310553,9.18231825 L11.2310553,16.6823183 C10.8654446,17.0740439 10.2560456,17.107974 9.84920863,16.7592566 L6.34920863,13.7592566 C5.92988278,13.3998345 5.88132125,12.7685345 6.2407434,12.3492086 C6.60016555,11.9298828 7.23146553,11.8813212 7.65079137,12.2407434 L10.4229928,14.616916 L16.7689447,7.81768175 Z\" fill=\"#000000\" fill-rule=\"nonzero\"><\/path> <\/g> <\/svg><\/div><span class=\"text-dark-opacity-5\">Le CIN permet via son module QUICKY* de faire la saisie des donn\u00e9es de vol (FFM, FWB, FHL)<\/span><\/div><\/div><\/div>[\/vc_column_inner][vc_column_inner el_class=\u00a0\u00bbfixAlignBloc\u00a0\u00bb width=\u00a0\u00bb1\/2&Prime;]<div id=\"duo-icon-124467416\" class=\"slide-in-container w-100   vc_custom_1634025697102\" ><div class=\"py-2 animate-in\" data-anim-type=\"fade-in-right\" data-anim-delay=\"1000\"><div class=\"pix-feature-list text-18       py-2 d-flex align-items-center\" ><div class=\"pix-mr-10 text-green\" style=\"width:1.5em;min-width:1.5em;height:1.5em;min-width:1.5em;position:relative;line-height:1em;text-align:center;\"><svg width=\"100%\" height=\"100%\" viewBox=\"0 0 24 24\" version=\"1.1\" xmlns=\"http:\/\/www.w3.org\/2000\/svg\" xmlns:xlink=\"http:\/\/www.w3.org\/1999\/xlink\"> <defs><\/defs> <g stroke=\"none\" stroke-width=\"1\" fill=\"none\" fill-rule=\"evenodd\"> <circle fill=\"#000000\" opacity=\"0.3\" cx=\"12\" cy=\"12\" r=\"10\"><\/circle> <path d=\"M16.7689447,7.81768175 C17.1457787,7.41393107 17.7785676,7.39211077 18.1823183,7.76894473 C18.5860689,8.1457787 18.6078892,8.77856757 18.2310553,9.18231825 L11.2310553,16.6823183 C10.8654446,17.0740439 10.2560456,17.107974 9.84920863,16.7592566 L6.34920863,13.7592566 C5.92988278,13.3998345 5.88132125,12.7685345 6.2407434,12.3492086 C6.60016555,11.9298828 7.23146553,11.8813212 7.65079137,12.2407434 L10.4229928,14.616916 L16.7689447,7.81768175 Z\" fill=\"#000000\" fill-rule=\"nonzero\"><\/path> <\/g> <\/svg><\/div><span class=\"text-dark-opacity-5\">Chaque MRN a son historique consultable \u00e0 tout moment pour tous les acteurs de la chaine.<\/span><\/div><div class=\"pix-feature-list text-18       py-2 d-flex align-items-center\" ><div class=\"pix-mr-10 text-green\" style=\"width:1.5em;min-width:1.5em;height:1.5em;min-width:1.5em;position:relative;line-height:1em;text-align:center;\"><svg width=\"100%\" height=\"100%\" viewBox=\"0 0 24 24\" version=\"1.1\" xmlns=\"http:\/\/www.w3.org\/2000\/svg\" xmlns:xlink=\"http:\/\/www.w3.org\/1999\/xlink\"> <defs><\/defs> <g stroke=\"none\" stroke-width=\"1\" fill=\"none\" fill-rule=\"evenodd\"> <circle fill=\"#000000\" opacity=\"0.3\" cx=\"12\" cy=\"12\" r=\"10\"><\/circle> <path d=\"M16.7689447,7.81768175 C17.1457787,7.41393107 17.7785676,7.39211077 18.1823183,7.76894473 C18.5860689,8.1457787 18.6078892,8.77856757 18.2310553,9.18231825 L11.2310553,16.6823183 C10.8654446,17.0740439 10.2560456,17.107974 9.84920863,16.7592566 L6.34920863,13.7592566 C5.92988278,13.3998345 5.88132125,12.7685345 6.2407434,12.3492086 C6.60016555,11.9298828 7.23146553,11.8813212 7.65079137,12.2407434 L10.4229928,14.616916 L16.7689447,7.81768175 Z\" fill=\"#000000\" fill-rule=\"nonzero\"><\/path> <\/g> <\/svg><\/div><span class=\"text-dark-opacity-5\">Les contr\u00f4les peuvent \u00eatre remont\u00e9s dans le logiciel de la compagnie ou de son handler.<\/span><\/div><\/div><\/div>[\/vc_column_inner][\/vc_row_inner][\/vc_column][\/vc_row][\/vc_section][vc_row full_width=\u00a0\u00bbstretch_row\u00a0\u00bb content_placement=\u00a0\u00bbmiddle\u00a0\u00bb pix_particles_check=\u00a0\u00bb\u00a0\u00bb][vc_column width=\u00a0\u00bb1\/2&Prime; css=\u00a0\u00bb.vc_custom_1559101053478{padding: 30px !important;}\u00a0\u00bb]<div id=\"1634025768441-caf75e78-7500\" class=\"text-left  vc_custom_1634032638224\"><div class=\"feature_img animate-in\" data-anim-type=\"fade-in-up\" data-anim-delay=\"400\" style=\"width:64px;height:auto;display:inline-block;position:relative;\"><img decoding=\"async\" style=\"width:64px;height:64px;\" class=\"img-fluid2 pix-fit-cover2 pix-fit-contain  \" src=\"https:\/\/cinfrance.fr\/wp-content\/uploads\/2021\/10\/ics.png\" alt=\"ICS pour les Camions au d\u00e9part de Grande Bretagne (BREXIT)\"><\/div><h3 class=\"font-weight-bold   text-heading-default animate-in\" style=\"padding-top:20px;\" data-anim-type=\"fade-in-up\" data-anim-delay=\"500\">ICS pour les Camions au d\u00e9part de Grande Bretagne (BREXIT)<\/h3><div class=\"text-body-default text-18     animate-in\" style=\"padding-top:20px;\" data-anim-type=\"fade-in-up\" data-anim-delay=\"600\">Depuis le 1er Janvier 2021, le CIN s\u2019est dot\u00e9 d\u2019un nouveau module permettant la<br \/>\nd\u00e9claration ICS des vols camionn\u00e9s.<\/p>\n<p>Ce module pr\u00e9sent dans QUICKY, permet \u00e0 la soci\u00e9t\u00e9 de camionnage d\u2019entrer ses<br \/>\ninformations \u00abCamion\u00bb , qui seront compl\u00e9t\u00e9es par les informations \u00abVol\u00bb envoy\u00e9s par<br \/>\nla compagnie a\u00e9rienne. Une fois l\u2019ensemble des informations re\u00e7u, la demande d\u2019ENS est envoy\u00e9e \u00e0 la Douane.<\/div><\/div><div class=\"d-block w-100 text-right\"><a  href=\"index.php\/quicky\/\" class=\"btn mb-2    vc_custom_1634032661846  shadow-lg shadow-hover-lg btn-primary btn-flat d-inline-block     btn-rounded animate-in pix-btn-div btn-normal\"   data-anim-type=\"fade-in-left\" data-anim-delay=\"1000\" ><span class=\"font-weight-bold \" >D\u00e9couvrir QUICKY<\/span><\/a><\/div>[\/vc_column][vc_column width=\u00a0\u00bb1\/2&Prime;]<div class=\"pix-fancy-mockup\"><div class=\"pix-fancy-content\"><img decoding=\"async\" class=\"\" src=\"https:\/\/cinfrance.fr\/wp-content\/uploads\/2021\/10\/quicky-screen-mockup.png\" srcset=\"https:\/\/cinfrance.fr\/wp-content\/uploads\/2021\/10\/quicky-screen-mockup-300x223.png 300w, https:\/\/cinfrance.fr\/wp-content\/uploads\/2021\/10\/quicky-screen-mockup-768x570.png 768w, https:\/\/cinfrance.fr\/wp-content\/uploads\/2021\/10\/quicky-screen-mockup.png 940w\" sizes=\"(max-width: 940px) 100vw, 940px\" alt=\"\"><\/div>\n                    <img decoding=\"async\" class=\"pix-fancy-device-img\" src=\"https:\/\/cinfrance.fr\/wp-content\/plugins\/pixfort-core\/functions\/images\/ipad.png\" alt=\"\"><\/div>[\/vc_column][\/vc_row][vc_row full_width=\u00a0\u00bbstretch_row\u00a0\u00bb equal_height=\u00a0\u00bbyes\u00a0\u00bb pix_particles_check=\u00a0\u00bb\u00a0\u00bb][vc_column width=\u00a0\u00bb1\/12&Prime;][\/vc_column][vc_column width=\u00a0\u00bb10\/12&Prime;]<div  class=\"pix-heading-el text-center  vc_custom_1634031477497\"><div><div class=\"slide-in-container\"><h3 class=\"text-secondary font-weight-bold heading-text el-title_custom_color mb-12\" style=\"\" data-anim-type=\"\" data-anim-delay=\"0\">D\u00e9couvrez nos articles ICS<\/h3><\/div><\/div><\/div><div class=\"row  \"><\/div>\n[\/vc_column][vc_column width=\u00a0\u00bb1\/12&Prime;][\/vc_column][\/vc_row]<\/p>\n<\/div>","protected":false},"excerpt":{"rendered":"[vc_section full_width=\u00a0\u00bbstretch_row\u00a0\u00bb pix_over_visibility=\u00a0\u00bb\u00a0\u00bb responsive_css=\u00a0\u00bb{\u00ab\u00a0pix_res_sm_pt\u00ab\u00a0:\u00ab\u00a040\u00ab\u00a0,\u00ab\u00a0pix_res_sm_pb\u00ab\u00a0:\u00ab\u00a040\u00ab\u00a0,\u00ab\u00a0pix_res_md_pt\u00ab\u00a0:\u00ab\u00a040\u00ab\u00a0,\u00ab\u00a0pix_res_md_pb\u00ab\u00a0:\u00ab\u00a040\u00ab\u00a0}\u00a0\u00bb css=\u00a0\u00bb.vc_custom_1631799453043{padding-top: 0px !important;padding-bottom: 80px !important;}\u00a0\u00bb t_custom_height=\u00a0\u00bb300px\u00a0\u00bb b_custom_height=\u00a0\u00bb300px\u00a0\u00bb][vc_row pix_particles_check=\u00a0\u00bb\u00a0\u00bb][vc_column width=\u00a0\u00bb7\/12&Prime;][\/vc_column][vc_column width=\u00a0\u00bb5\/12&Prime; css=\u00a0\u00bb.vc_custom_1633947264785{margin-top: -34px !important;}\u00a0\u00bb][vc_single_image image=\u00a0\u00bb3756&Prime; img_size=\u00a0\u00bbfull\u00a0\u00bb css_animation=\u00a0\u00bbfadeIn\u00a0\u00bb][\/vc_column][\/vc_row][vc_row pix_particles_check=\u00a0\u00bb\u00a0\u00bb][vc_column][\/vc_column][\/vc_row][\/vc_section][vc_section full_width=\u00a0\u00bbstretch_row\u00a0\u00bb pix_scale_in=\u00a0\u00bbpix-scale-in-sm\u00a0\u00bb pix_over_visibility=\u00a0\u00bb\u00a0\u00bb css=\u00a0\u00bb.vc_custom_1633955263457{padding-top: 0px !important;background-color: #eaf1f9 !important;}\u00a0\u00bb][vc_row full_width=\u00a0\u00bbstretch_row\u00a0\u00bb content_placement=\u00a0\u00bbmiddle\u00a0\u00bb pix_over_visibility=\u00a0\u00bb2&Prime; pix_particles_check=\u00a0\u00bb\u00a0\u00bb css=\u00a0\u00bb.vc_custom_1633955134339{padding-top: 0px !important;padding-bottom: 0px !important;background-color: #eaf1f9 !important;}\u00a0\u00bb][vc_column&#8230;","protected":false},"author":1,"featured_media":0,"parent":0,"menu_order":0,"comment_status":"closed","ping_status":"closed","template":"","meta":{"footnotes":""},"class_list":["post-3754","page","type-page","status-publish","hentry"],"yoast_head":"<!-- This site is optimized with the Yoast SEO plugin v22.4 - https:\/\/yoast.com\/wordpress\/plugins\/seo\/ -->\n<title>ANTES - CIN FRANCE<\/title>\n<meta name=\"robots\" content=\"noindex, follow, max-snippet:-1, max-image-preview:large, max-video-preview:-1\" \/>\n<meta property=\"og:locale\" content=\"fr_FR\" \/>\n<meta property=\"og:type\" content=\"article\" \/>\n<meta property=\"og:title\" content=\"ANTES - CIN FRANCE\" \/>\n<meta property=\"og:description\" content=\"[vc_section full_width=\u00a0\u00bbstretch_row\u00a0\u00bb pix_over_visibility=\u00a0\u00bb\u00a0\u00bb responsive_css=\u00a0\u00bb{\u00ab\u00a0pix_res_sm_pt\u00ab\u00a0:\u00ab\u00a040\u00ab\u00a0,\u00ab\u00a0pix_res_sm_pb\u00ab\u00a0:\u00ab\u00a040\u00ab\u00a0,\u00ab\u00a0pix_res_md_pt\u00ab\u00a0:\u00ab\u00a040\u00ab\u00a0,\u00ab\u00a0pix_res_md_pb\u00ab\u00a0:\u00ab\u00a040\u00ab\u00a0}\u00a0\u00bb css=\u00a0\u00bb.vc_custom_1631799453043{padding-top: 0px !important;padding-bottom: 80px !important;}\u00a0\u00bb t_custom_height=\u00a0\u00bb300px\u00a0\u00bb b_custom_height=\u00a0\u00bb300px\u00a0\u00bb][vc_row pix_particles_check=\u00a0\u00bb\u00a0\u00bb][vc_column width=\u00a0\u00bb7\/12&Prime;][\/vc_column][vc_column width=\u00a0\u00bb5\/12&Prime; css=\u00a0\u00bb.vc_custom_1633947264785{margin-top: -34px !important;}\u00a0\u00bb][vc_single_image image=\u00a0\u00bb3756&Prime; img_size=\u00a0\u00bbfull\u00a0\u00bb css_animation=\u00a0\u00bbfadeIn\u00a0\u00bb][\/vc_column][\/vc_row][vc_row pix_particles_check=\u00a0\u00bb\u00a0\u00bb][vc_column][\/vc_column][\/vc_row][\/vc_section][vc_section full_width=\u00a0\u00bbstretch_row\u00a0\u00bb pix_scale_in=\u00a0\u00bbpix-scale-in-sm\u00a0\u00bb pix_over_visibility=\u00a0\u00bb\u00a0\u00bb css=\u00a0\u00bb.vc_custom_1633955263457{padding-top: 0px !important;background-color: #eaf1f9 !important;}\u00a0\u00bb][vc_row full_width=\u00a0\u00bbstretch_row\u00a0\u00bb content_placement=\u00a0\u00bbmiddle\u00a0\u00bb pix_over_visibility=\u00a0\u00bb2&Prime; pix_particles_check=\u00a0\u00bb\u00a0\u00bb css=\u00a0\u00bb.vc_custom_1633955134339{padding-top: 0px !important;padding-bottom: 0px !important;background-color: #eaf1f9 !important;}\u00a0\u00bb][vc_column...\" \/>\n<meta property=\"og:url\" content=\"https:\/\/cinfrance.fr\/index.php\/antes\/\" \/>\n<meta property=\"og:site_name\" content=\"CIN FRANCE\" \/>\n<meta property=\"article:modified_time\" content=\"2025-08-27T08:15:53+00:00\" \/>\n<meta name=\"twitter:card\" content=\"summary_large_image\" \/>\n<meta name=\"twitter:label1\" content=\"Dur\u00e9e de lecture estim\u00e9e\" \/>\n\t<meta name=\"twitter:data1\" content=\"6 minutes\" \/>\n<script type=\"application\/ld+json\" class=\"yoast-schema-graph\">{\"@context\":\"https:\/\/schema.org\",\"@graph\":[{\"@type\":\"WebPage\",\"@id\":\"https:\/\/cinfrance.fr\/index.php\/antes\/\",\"url\":\"https:\/\/cinfrance.fr\/index.php\/antes\/\",\"name\":\"ANTES - CIN FRANCE\",\"isPartOf\":{\"@id\":\"https:\/\/cinfrance.fr\/#website\"},\"datePublished\":\"2025-08-27T08:15:36+00:00\",\"dateModified\":\"2025-08-27T08:15:53+00:00\",\"breadcrumb\":{\"@id\":\"https:\/\/cinfrance.fr\/index.php\/antes\/#breadcrumb\"},\"inLanguage\":\"fr-FR\",\"potentialAction\":[{\"@type\":\"ReadAction\",\"target\":[\"https:\/\/cinfrance.fr\/index.php\/antes\/\"]}]},{\"@type\":\"BreadcrumbList\",\"@id\":\"https:\/\/cinfrance.fr\/index.php\/antes\/#breadcrumb\",\"itemListElement\":[{\"@type\":\"ListItem\",\"position\":1,\"name\":\"Accueil\",\"item\":\"https:\/\/cinfrance.fr\/\"},{\"@type\":\"ListItem\",\"position\":2,\"name\":\"ANTES\"}]},{\"@type\":\"WebSite\",\"@id\":\"https:\/\/cinfrance.fr\/#website\",\"url\":\"https:\/\/cinfrance.fr\/\",\"name\":\"CIN FRANCE\",\"description\":\"Cargo information network france\",\"potentialAction\":[{\"@type\":\"SearchAction\",\"target\":{\"@type\":\"EntryPoint\",\"urlTemplate\":\"https:\/\/cinfrance.fr\/?s={search_term_string}\"},\"query-input\":\"required name=search_term_string\"}],\"inLanguage\":\"fr-FR\"}]}<\/script>\n<!-- \/ Yoast SEO plugin. -->","yoast_head_json":{"title":"ANTES - CIN FRANCE","robots":{"index":"noindex","follow":"follow","max-snippet":"max-snippet:-1","max-image-preview":"max-image-preview:large","max-video-preview":"max-video-preview:-1"},"og_locale":"fr_FR","og_type":"article","og_title":"ANTES - CIN FRANCE","og_description":"[vc_section full_width=\u00a0\u00bbstretch_row\u00a0\u00bb pix_over_visibility=\u00a0\u00bb\u00a0\u00bb responsive_css=\u00a0\u00bb{\u00ab\u00a0pix_res_sm_pt\u00ab\u00a0:\u00ab\u00a040\u00ab\u00a0,\u00ab\u00a0pix_res_sm_pb\u00ab\u00a0:\u00ab\u00a040\u00ab\u00a0,\u00ab\u00a0pix_res_md_pt\u00ab\u00a0:\u00ab\u00a040\u00ab\u00a0,\u00ab\u00a0pix_res_md_pb\u00ab\u00a0:\u00ab\u00a040\u00ab\u00a0}\u00a0\u00bb css=\u00a0\u00bb.vc_custom_1631799453043{padding-top: 0px !important;padding-bottom: 80px !important;}\u00a0\u00bb t_custom_height=\u00a0\u00bb300px\u00a0\u00bb b_custom_height=\u00a0\u00bb300px\u00a0\u00bb][vc_row pix_particles_check=\u00a0\u00bb\u00a0\u00bb][vc_column width=\u00a0\u00bb7\/12&Prime;][\/vc_column][vc_column width=\u00a0\u00bb5\/12&Prime; css=\u00a0\u00bb.vc_custom_1633947264785{margin-top: -34px !important;}\u00a0\u00bb][vc_single_image image=\u00a0\u00bb3756&Prime; img_size=\u00a0\u00bbfull\u00a0\u00bb css_animation=\u00a0\u00bbfadeIn\u00a0\u00bb][\/vc_column][\/vc_row][vc_row pix_particles_check=\u00a0\u00bb\u00a0\u00bb][vc_column][\/vc_column][\/vc_row][\/vc_section][vc_section full_width=\u00a0\u00bbstretch_row\u00a0\u00bb pix_scale_in=\u00a0\u00bbpix-scale-in-sm\u00a0\u00bb pix_over_visibility=\u00a0\u00bb\u00a0\u00bb css=\u00a0\u00bb.vc_custom_1633955263457{padding-top: 0px !important;background-color: #eaf1f9 !important;}\u00a0\u00bb][vc_row full_width=\u00a0\u00bbstretch_row\u00a0\u00bb content_placement=\u00a0\u00bbmiddle\u00a0\u00bb pix_over_visibility=\u00a0\u00bb2&Prime; pix_particles_check=\u00a0\u00bb\u00a0\u00bb css=\u00a0\u00bb.vc_custom_1633955134339{padding-top: 0px !important;padding-bottom: 0px !important;background-color: #eaf1f9 !important;}\u00a0\u00bb][vc_column...","og_url":"https:\/\/cinfrance.fr\/index.php\/antes\/","og_site_name":"CIN FRANCE","article_modified_time":"2025-08-27T08:15:53+00:00","twitter_card":"summary_large_image","twitter_misc":{"Dur\u00e9e de lecture estim\u00e9e":"6 minutes"},"schema":{"@context":"https:\/\/schema.org","@graph":[{"@type":"WebPage","@id":"https:\/\/cinfrance.fr\/index.php\/antes\/","url":"https:\/\/cinfrance.fr\/index.php\/antes\/","name":"ANTES - CIN FRANCE","isPartOf":{"@id":"https:\/\/cinfrance.fr\/#website"},"datePublished":"2025-08-27T08:15:36+00:00","dateModified":"2025-08-27T08:15:53+00:00","breadcrumb":{"@id":"https:\/\/cinfrance.fr\/index.php\/antes\/#breadcrumb"},"inLanguage":"fr-FR","potentialAction":[{"@type":"ReadAction","target":["https:\/\/cinfrance.fr\/index.php\/antes\/"]}]},{"@type":"BreadcrumbList","@id":"https:\/\/cinfrance.fr\/index.php\/antes\/#breadcrumb","itemListElement":[{"@type":"ListItem","position":1,"name":"Accueil","item":"https:\/\/cinfrance.fr\/"},{"@type":"ListItem","position":2,"name":"ANTES"}]},{"@type":"WebSite","@id":"https:\/\/cinfrance.fr\/#website","url":"https:\/\/cinfrance.fr\/","name":"CIN FRANCE","description":"Cargo information network france","potentialAction":[{"@type":"SearchAction","target":{"@type":"EntryPoint","urlTemplate":"https:\/\/cinfrance.fr\/?s={search_term_string}"},"query-input":"required name=search_term_string"}],"inLanguage":"fr-FR"}]}},"jetpack_sharing_enabled":true,"_links":{"self":[{"href":"https:\/\/cinfrance.fr\/index.php\/wp-json\/wp\/v2\/pages\/3754","targetHints":{"allow":["GET"]}}],"collection":[{"href":"https:\/\/cinfrance.fr\/index.php\/wp-json\/wp\/v2\/pages"}],"about":[{"href":"https:\/\/cinfrance.fr\/index.php\/wp-json\/wp\/v2\/types\/page"}],"author":[{"embeddable":true,"href":"https:\/\/cinfrance.fr\/index.php\/wp-json\/wp\/v2\/users\/1"}],"replies":[{"embeddable":true,"href":"https:\/\/cinfrance.fr\/index.php\/wp-json\/wp\/v2\/comments?post=3754"}],"version-history":[{"count":10,"href":"https:\/\/cinfrance.fr\/index.php\/wp-json\/wp\/v2\/pages\/3754\/revisions"}],"predecessor-version":[{"id":4595,"href":"https:\/\/cinfrance.fr\/index.php\/wp-json\/wp\/v2\/pages\/3754\/revisions\/4595"}],"wp:attachment":[{"href":"https:\/\/cinfrance.fr\/index.php\/wp-json\/wp\/v2\/media?parent=3754"}],"curies":[{"name":"wp","href":"https:\/\/api.w.org\/{rel}","templated":true}]}}