{"id":3734,"date":"2021-10-11T15:13:45","date_gmt":"2021-10-11T13:13:45","guid":{"rendered":"https:\/\/cinfrance.fr\/?page_id=3734"},"modified":"2026-04-29T08:51:32","modified_gmt":"2026-04-29T06:51:32","slug":"statistiques","status":"publish","type":"page","link":"https:\/\/cinfrance.fr\/index.php\/statistiques\/","title":{"rendered":"Le CIN en chiffres"},"content":{"rendered":"<div class=\"wpb-content-wrapper\"><p>[vc_row pix_particles_check=\u00a0\u00bb\u00a0\u00bb responsive_css=\u00a0\u00bb{\u00ab\u00a0pix_res_sm_pb\u00ab\u00a0:\u00ab\u00a040\u00ab\u00a0,\u00ab\u00a0pix_res_md_pb\u00ab\u00a0:\u00ab\u00a040\u00ab\u00a0}\u00a0\u00bb css=\u00a0\u00bb.vc_custom_1633946124626{margin-top: 24px !important;}\u00a0\u00bb][vc_column]<div id=\"highlighted-text-25037856\" class=\"text-center  vc_custom_1776154214229\"><h4 class=\"text-heading-default\"  data-anim-type=\"\" data-anim-delay=\"0\"><span class=\"font-weight-normal  heading-font\">Vu globale sur les statistiques EXPORT AES et ECS<\/span><span class=\"pix-highlighted-text  font-weight-normal  font-weight-bold heading-font highlighted-text-25037856-1 animate-in\" data-anim-type=\"highlight-grow\" data-anim-delay=\"200\"><br> de Mars 2026<\/span><span class=\"font-weight-normal  heading-font\"><\/span><\/h4><\/div>[\/vc_column][\/vc_row][vc_row full_width=\u00a0\u00bbstretch_row_content_no_spaces\u00a0\u00bb gap=\u00a0\u00bb25&Prime; pix_particles_check=\u00a0\u00bb\u00a0\u00bb responsive_css=\u00a0\u00bb{\u00ab\u00a0pix_res_sm_pt\u00ab\u00a0:\u00ab\u00a020\u00ab\u00a0,\u00ab\u00a0pix_res_md_pt\u00ab\u00a0:\u00ab\u00a030\u00ab\u00a0}\u00a0\u00bb css=\u00a0\u00bb.vc_custom_1631804290795{margin-right: 15% !important;margin-left: 15% !important;padding-top: 16px !important;}\u00a0\u00bb][vc_column width=\u00a0\u00bb1\/6&Prime;][\/vc_column][vc_column width=\u00a0\u00bb1\/6&Prime; content_align=\u00a0\u00bbtext-center\u00a0\u00bb]<div id=\"duo-icon-195529611\" class=\"pix-icon text-center \"><div class=\"feature_img animate-in\" data-anim-type=\"fade-in-up\" data-anim-delay=\"0\" style=\"\"><img decoding=\"async\" style=\"width:;height:;\" class=\"img-fluid2 pix-fit-cover \" src=\"https:\/\/cinfrance.fr\/wp-content\/uploads\/2021\/09\/icon-mrn.png\" alt=\"\"><\/div><\/div><div class=\"pix_numbers animate-math  vc_custom_1777443304961\"><div><h3 class=\"align-self-center text-center display-4\"><span class=\" text-primary\" style=\"\"><\/span><span class=\"number font-weight-bold text-primary\" style=\"\" data-duration=\"3000\" data-to=\"79\">0<\/span><span class=\" text-primary\" style=\"\">%<\/span><\/h3><\/div><div class=\"w-100 text-center\"><h6 class=\"mt-0 text-body-default\" style=\"\">Des MRN trait\u00e9s par CIN France poss\u00e8dent un statut de sortie d\u00e9finitive<\/h6><\/div><\/div>\n[\/vc_column][vc_column width=\u00a0\u00bb1\/6&Prime; content_align=\u00a0\u00bbtext-center\u00a0\u00bb]<div class=\"pix_numbers animate-math  vc_custom_1777443275616\"><div><h1 class=\"align-self-center text-center display-4\"><span class=\"font-weight-bold text-custom\" style=\"color:#eda51e !important;\"><\/span><span class=\"number font-weight-bold text-custom\" style=\"color:#eda51e !important;\" data-duration=\"3000\" data-to=\"1.77\">0<\/span><span class=\"font-weight-bold text-custom\" style=\"color:#eda51e !important;\">%<\/span><\/h1><\/div><div class=\"w-100 text-center\"><h6 class=\"mt-0 text-body-default\" style=\"\">Des demandes sont rejet\u00e9es par la douane suite \u00e0 des incoh\u00e9rences logistiques<\/h6><\/div><\/div>\n[\/vc_column][vc_column width=\u00a0\u00bb1\/6&Prime; content_align=\u00a0\u00bbtext-center\u00a0\u00bb]<div id=\"duo-icon-186746939\" class=\"pix-icon text-center \"><div class=\"feature_img animate-in\" data-anim-type=\"fade-in-up\" data-anim-delay=\"0\" style=\"\"><img decoding=\"async\" style=\"width:;height:;\" class=\"img-fluid2 pix-fit-cover \" src=\"https:\/\/cinfrance.fr\/wp-content\/uploads\/2021\/09\/icon-transactions.png\" alt=\"\"><\/div><\/div><div class=\"pix_numbers animate-math  vc_custom_1638802328533\"><div><h1 class=\"align-self-center text-center display-4\"><span class=\"font-weight-bold text-custom\" style=\"color:#c60c13 !important;\"><\/span><span class=\"number font-weight-bold text-custom\" style=\"color:#c60c13 !important;\" data-duration=\"3000\" data-to=\"100\">0<\/span><span class=\"font-weight-bold text-custom\" style=\"color:#c60c13 !important;\">%<\/span><\/h1><\/div><div class=\"w-100 text-center\"><h6 class=\"mt-0 text-body-default\" style=\"\">Des transactions sont trait\u00e9es sans anomalie technique par CIN France<\/h6><\/div><\/div>\n[\/vc_column][vc_column width=\u00a0\u00bb1\/6&Prime; content_align=\u00a0\u00bbtext-center\u00a0\u00bb]<div id=\"duo-icon-17391522\" class=\"pix-icon text-center \"><div class=\"feature_img animate-in\" data-anim-type=\"fade-in-up\" data-anim-delay=\"0\" style=\"\"><img decoding=\"async\" style=\"width:;height:;\" class=\"img-fluid2 pix-fit-cover \" src=\"https:\/\/cinfrance.fr\/wp-content\/uploads\/2021\/09\/icon-mrn-check.png\" alt=\"\"><\/div><\/div><div class=\"pix_numbers animate-math  vc_custom_1777444779318\"><div><h1 class=\"align-self-center text-center display-4\"><span class=\"font-weight-bold text-heading-default\" style=\"\"><\/span><span class=\"number font-weight-bold text-heading-default\" style=\"\" data-duration=\"3000\" data-to=\"381402\">0<\/span><span class=\"font-weight-bold text-heading-default\" style=\"\"><\/span><\/h1><\/div><div class=\"w-100 text-center\"><h6 class=\"mt-0 text-body-default\" style=\"\">MRNs trait\u00e9s dont 130 808 pour Mars 2026<\/h6><\/div><\/div>\n[\/vc_column][vc_column width=\u00a0\u00bb1\/6&Prime;][\/vc_column][\/vc_row][vc_row pix_particles_check=\u00a0\u00bb\u00a0\u00bb css=\u00a0\u00bb.vc_custom_1638868856593{margin-top: 40px !important;}\u00a0\u00bb][vc_column width=\u00a0\u00bb1\/4&Prime;][\/vc_column][vc_column width=\u00a0\u00bb1\/2&Prime; el_class=\u00a0\u00bbstatsJauges\u00a0\u00bb]<div class=\"\"><div class=\"mb-3 pix-progress\"><div class=\"d-flex bd-highlight\"><div class=\"flex-fill text-left text-body-default font-weight-bold\" >CDG - 96 674<\/div><div class=\"flex-fill pix-progress-counter text-right text-body-default font-weight-bold\"  data-counter=\"35\">0%<\/div><\/div><div class=\"progress bg-gray-3\" ><div class=\"progress-bar bg-custom\" style=\"background:#eda51e;\" role=\"progressbar\" aria-valuenow=\"35\" aria-valuemin=\"0\" aria-valuemax=\"100\"><\/div><\/div><\/div><div class=\"mb-3 pix-progress\"><div class=\"d-flex bd-highlight\"><div class=\"flex-fill text-left text-body-default font-weight-bold\" >ORY - 11 490<\/div><div class=\"flex-fill pix-progress-counter text-right text-body-default font-weight-bold\"  data-counter=\"10\">0%<\/div><\/div><div class=\"progress bg-gray-3\" ><div class=\"progress-bar bg-custom\" style=\"background:#eda51e;\" role=\"progressbar\" aria-valuenow=\"10\" aria-valuemin=\"0\" aria-valuemax=\"100\"><\/div><\/div><\/div><div class=\"mb-3 pix-progress\"><div class=\"d-flex bd-highlight\"><div class=\"flex-fill text-left text-body-default font-weight-bold\" >LYS - 4 934<\/div><div class=\"flex-fill pix-progress-counter text-right text-body-default font-weight-bold\"  data-counter=\"4\">0%<\/div><\/div><div class=\"progress bg-gray-3\" ><div class=\"progress-bar bg-custom\" style=\"background:#eda51e;\" role=\"progressbar\" aria-valuenow=\"4\" aria-valuemin=\"0\" aria-valuemax=\"100\"><\/div><\/div><\/div><div class=\"mb-3 pix-progress\"><div class=\"d-flex bd-highlight\"><div class=\"flex-fill text-left text-body-default font-weight-bold\" >MRS- 1535<\/div><div class=\"flex-fill pix-progress-counter text-right text-body-default font-weight-bold\"  data-counter=\"3.8\">0%<\/div><\/div><div class=\"progress bg-gray-3\" ><div class=\"progress-bar bg-custom\" style=\"background:#eda51e;\" role=\"progressbar\" aria-valuenow=\"3.8\" aria-valuemin=\"0\" aria-valuemax=\"100\"><\/div><\/div><\/div><div class=\"mb-3 pix-progress\"><div class=\"d-flex bd-highlight\"><div class=\"flex-fill text-left text-body-default font-weight-bold\" >NCE - 1 474<\/div><div class=\"flex-fill pix-progress-counter text-right text-body-default font-weight-bold\"  data-counter=\"3.5\">0%<\/div><\/div><div class=\"progress bg-gray-3\" ><div class=\"progress-bar bg-custom\" style=\"background:#eda51e;\" role=\"progressbar\" aria-valuenow=\"3.5\" aria-valuemin=\"0\" aria-valuemax=\"100\"><\/div><\/div><\/div><div class=\"mb-3 pix-progress\"><div class=\"d-flex bd-highlight\"><div class=\"flex-fill text-left text-body-default font-weight-bold\" >TLS - 1 289<\/div><div class=\"flex-fill pix-progress-counter text-right text-body-default font-weight-bold\"  data-counter=\"2.5\">0%<\/div><\/div><div class=\"progress bg-gray-3\" ><div class=\"progress-bar bg-custom\" style=\"background:#eda51e;\" role=\"progressbar\" aria-valuenow=\"2.5\" aria-valuemin=\"0\" aria-valuemax=\"100\"><\/div><\/div><\/div><div class=\"mb-3 pix-progress\"><div class=\"d-flex bd-highlight\"><div class=\"flex-fill text-left text-body-default font-weight-bold\" >SXB - 956<\/div><div class=\"flex-fill pix-progress-counter text-right text-body-default font-weight-bold\"  data-counter=\"2\">0%<\/div><\/div><div class=\"progress bg-gray-3\" ><div class=\"progress-bar bg-custom\" style=\"background:#eda51e;\" role=\"progressbar\" aria-valuenow=\"2\" aria-valuemin=\"0\" aria-valuemax=\"100\"><\/div><\/div><\/div><div class=\"mb-3 pix-progress\"><div class=\"d-flex bd-highlight\"><div class=\"flex-fill text-left text-body-default font-weight-bold\" >BOD - 933<\/div><div class=\"flex-fill pix-progress-counter text-right text-body-default font-weight-bold\"  data-counter=\"1\">0%<\/div><\/div><div class=\"progress bg-gray-3\" ><div class=\"progress-bar bg-custom\" style=\"background:#eda51e;\" role=\"progressbar\" aria-valuenow=\"1\" aria-valuemin=\"0\" aria-valuemax=\"100\"><\/div><\/div><\/div><div class=\"mb-3 pix-progress\"><div class=\"d-flex bd-highlight\"><div class=\"flex-fill text-left text-body-default font-weight-bold\" >NTE- 561<\/div><div class=\"flex-fill pix-progress-counter text-right text-body-default font-weight-bold\"  data-counter=\"0.5\">0%<\/div><\/div><div class=\"progress bg-gray-3\" ><div class=\"progress-bar bg-custom\" style=\"background:#eda51e;\" role=\"progressbar\" aria-valuenow=\"0.5\" aria-valuemin=\"0\" aria-valuemax=\"100\"><\/div><\/div><\/div><div class=\"mb-3 pix-progress\"><div class=\"d-flex bd-highlight\"><div class=\"flex-fill text-left text-body-default font-weight-bold\" >LIL- 478<\/div><div class=\"flex-fill pix-progress-counter text-right text-body-default font-weight-bold\"  data-counter=\"0.5\">0%<\/div><\/div><div class=\"progress bg-gray-3\" ><div class=\"progress-bar bg-custom\" style=\"background:#eda51e;\" role=\"progressbar\" aria-valuenow=\"0.5\" aria-valuemin=\"0\" aria-valuemax=\"100\"><\/div><\/div><\/div><div class=\"mb-3 pix-progress\"><div class=\"d-flex bd-highlight\"><div class=\"flex-fill text-left text-body-default font-weight-bold\" >autres a\u00e9roports - 63<\/div><div class=\"flex-fill pix-progress-counter text-right text-body-default font-weight-bold\"  data-counter=\"0.05\">0%<\/div><\/div><div class=\"progress bg-gray-3\" ><div class=\"progress-bar bg-custom\" style=\"background:#eda51e;\" role=\"progressbar\" aria-valuenow=\"0.05\" aria-valuemin=\"0\" aria-valuemax=\"100\"><\/div><\/div><\/div><\/div>[\/vc_column][vc_column width=\u00a0\u00bb1\/4&Prime;][\/vc_column][\/vc_row]<\/p>\n<\/div>","protected":false},"excerpt":{"rendered":"[vc_row pix_particles_check=\u00a0\u00bb\u00a0\u00bb responsive_css=\u00a0\u00bb{\u00ab\u00a0pix_res_sm_pb\u00ab\u00a0:\u00ab\u00a040\u00ab\u00a0,\u00ab\u00a0pix_res_md_pb\u00ab\u00a0:\u00ab\u00a040\u00ab\u00a0}\u00a0\u00bb css=\u00a0\u00bb.vc_custom_1633946124626{margin-top: 24px !important;}\u00a0\u00bb][vc_column][\/vc_column][\/vc_row][vc_row full_width=\u00a0\u00bbstretch_row_content_no_spaces\u00a0\u00bb gap=\u00a0\u00bb25&Prime; pix_particles_check=\u00a0\u00bb\u00a0\u00bb responsive_css=\u00a0\u00bb{\u00ab\u00a0pix_res_sm_pt\u00ab\u00a0:\u00ab\u00a020\u00ab\u00a0,\u00ab\u00a0pix_res_md_pt\u00ab\u00a0:\u00ab\u00a030\u00ab\u00a0}\u00a0\u00bb css=\u00a0\u00bb.vc_custom_1631804290795{margin-right: 15% !important;margin-left: 15% !important;padding-top: 16px !important;}\u00a0\u00bb][vc_column width=\u00a0\u00bb1\/6&Prime;][\/vc_column][vc_column width=\u00a0\u00bb1\/6&Prime; content_align=\u00a0\u00bbtext-center\u00a0\u00bb][\/vc_column][vc_column width=\u00a0\u00bb1\/6&Prime; content_align=\u00a0\u00bbtext-center\u00a0\u00bb][\/vc_column][vc_column width=\u00a0\u00bb1\/6&Prime; content_align=\u00a0\u00bbtext-center\u00a0\u00bb][\/vc_column][vc_column width=\u00a0\u00bb1\/6&Prime; content_align=\u00a0\u00bbtext-center\u00a0\u00bb][\/vc_column][vc_column width=\u00a0\u00bb1\/6&Prime;][\/vc_column][\/vc_row][vc_row pix_particles_check=\u00a0\u00bb\u00a0\u00bb css=\u00a0\u00bb.vc_custom_1638868856593{margin-top: 40px !important;}\u00a0\u00bb][vc_column width=\u00a0\u00bb1\/4&Prime;][\/vc_column][vc_column width=\u00a0\u00bb1\/2&Prime; el_class=\u00a0\u00bbstatsJauges\u00a0\u00bb][\/vc_column][vc_column width=\u00a0\u00bb1\/4&Prime;][\/vc_column][\/vc_row]","protected":false},"author":1,"featured_media":0,"parent":0,"menu_order":0,"comment_status":"closed","ping_status":"closed","template":"","meta":{"footnotes":""},"class_list":["post-3734","page","type-page","status-publish","hentry"],"yoast_head":"<!-- This site is optimized with the Yoast SEO plugin v22.4 - https:\/\/yoast.com\/wordpress\/plugins\/seo\/ -->\n<title>Le CIN en chiffres - CIN FRANCE<\/title>\n<meta name=\"robots\" content=\"noindex, follow, max-snippet:-1, max-image-preview:large, max-video-preview:-1\" \/>\n<meta property=\"og:locale\" content=\"fr_FR\" \/>\n<meta property=\"og:type\" content=\"article\" \/>\n<meta property=\"og:title\" content=\"Le CIN en chiffres - CIN FRANCE\" \/>\n<meta property=\"og:description\" content=\"[vc_row pix_particles_check=\u00a0\u00bb\u00a0\u00bb responsive_css=\u00a0\u00bb{\u00ab\u00a0pix_res_sm_pb\u00ab\u00a0:\u00ab\u00a040\u00ab\u00a0,\u00ab\u00a0pix_res_md_pb\u00ab\u00a0:\u00ab\u00a040\u00ab\u00a0}\u00a0\u00bb css=\u00a0\u00bb.vc_custom_1633946124626{margin-top: 24px !important;}\u00a0\u00bb][vc_column][\/vc_column][\/vc_row][vc_row full_width=\u00a0\u00bbstretch_row_content_no_spaces\u00a0\u00bb gap=\u00a0\u00bb25&Prime; pix_particles_check=\u00a0\u00bb\u00a0\u00bb responsive_css=\u00a0\u00bb{\u00ab\u00a0pix_res_sm_pt\u00ab\u00a0:\u00ab\u00a020\u00ab\u00a0,\u00ab\u00a0pix_res_md_pt\u00ab\u00a0:\u00ab\u00a030\u00ab\u00a0}\u00a0\u00bb css=\u00a0\u00bb.vc_custom_1631804290795{margin-right: 15% !important;margin-left: 15% !important;padding-top: 16px !important;}\u00a0\u00bb][vc_column width=\u00a0\u00bb1\/6&Prime;][\/vc_column][vc_column width=\u00a0\u00bb1\/6&Prime; content_align=\u00a0\u00bbtext-center\u00a0\u00bb][\/vc_column][vc_column width=\u00a0\u00bb1\/6&Prime; content_align=\u00a0\u00bbtext-center\u00a0\u00bb][\/vc_column][vc_column width=\u00a0\u00bb1\/6&Prime; content_align=\u00a0\u00bbtext-center\u00a0\u00bb][\/vc_column][vc_column width=\u00a0\u00bb1\/6&Prime; content_align=\u00a0\u00bbtext-center\u00a0\u00bb][\/vc_column][vc_column width=\u00a0\u00bb1\/6&Prime;][\/vc_column][\/vc_row][vc_row pix_particles_check=\u00a0\u00bb\u00a0\u00bb css=\u00a0\u00bb.vc_custom_1638868856593{margin-top: 40px !important;}\u00a0\u00bb][vc_column width=\u00a0\u00bb1\/4&Prime;][\/vc_column][vc_column width=\u00a0\u00bb1\/2&Prime; el_class=\u00a0\u00bbstatsJauges\u00a0\u00bb][\/vc_column][vc_column width=\u00a0\u00bb1\/4&Prime;][\/vc_column][\/vc_row]\" \/>\n<meta property=\"og:url\" content=\"https:\/\/cinfrance.fr\/index.php\/statistiques\/\" \/>\n<meta property=\"og:site_name\" content=\"CIN FRANCE\" \/>\n<meta property=\"article:modified_time\" content=\"2026-04-29T06:51:32+00:00\" \/>\n<meta name=\"twitter:card\" content=\"summary_large_image\" \/>\n<meta name=\"twitter:label1\" content=\"Dur\u00e9e de lecture estim\u00e9e\" \/>\n\t<meta name=\"twitter:data1\" content=\"5 minutes\" \/>\n<script type=\"application\/ld+json\" class=\"yoast-schema-graph\">{\"@context\":\"https:\/\/schema.org\",\"@graph\":[{\"@type\":\"WebPage\",\"@id\":\"https:\/\/cinfrance.fr\/index.php\/statistiques\/\",\"url\":\"https:\/\/cinfrance.fr\/index.php\/statistiques\/\",\"name\":\"Le CIN en chiffres - CIN FRANCE\",\"isPartOf\":{\"@id\":\"https:\/\/cinfrance.fr\/#website\"},\"datePublished\":\"2021-10-11T13:13:45+00:00\",\"dateModified\":\"2026-04-29T06:51:32+00:00\",\"breadcrumb\":{\"@id\":\"https:\/\/cinfrance.fr\/index.php\/statistiques\/#breadcrumb\"},\"inLanguage\":\"fr-FR\",\"potentialAction\":[{\"@type\":\"ReadAction\",\"target\":[\"https:\/\/cinfrance.fr\/index.php\/statistiques\/\"]}]},{\"@type\":\"BreadcrumbList\",\"@id\":\"https:\/\/cinfrance.fr\/index.php\/statistiques\/#breadcrumb\",\"itemListElement\":[{\"@type\":\"ListItem\",\"position\":1,\"name\":\"Accueil\",\"item\":\"https:\/\/cinfrance.fr\/\"},{\"@type\":\"ListItem\",\"position\":2,\"name\":\"Le CIN en chiffres\"}]},{\"@type\":\"WebSite\",\"@id\":\"https:\/\/cinfrance.fr\/#website\",\"url\":\"https:\/\/cinfrance.fr\/\",\"name\":\"CIN FRANCE\",\"description\":\"Cargo information network france\",\"potentialAction\":[{\"@type\":\"SearchAction\",\"target\":{\"@type\":\"EntryPoint\",\"urlTemplate\":\"https:\/\/cinfrance.fr\/?s={search_term_string}\"},\"query-input\":\"required name=search_term_string\"}],\"inLanguage\":\"fr-FR\"}]}<\/script>\n<!-- \/ Yoast SEO plugin. -->","yoast_head_json":{"title":"Le CIN en chiffres - CIN FRANCE","robots":{"index":"noindex","follow":"follow","max-snippet":"max-snippet:-1","max-image-preview":"max-image-preview:large","max-video-preview":"max-video-preview:-1"},"og_locale":"fr_FR","og_type":"article","og_title":"Le CIN en chiffres - CIN FRANCE","og_description":"[vc_row pix_particles_check=\u00a0\u00bb\u00a0\u00bb responsive_css=\u00a0\u00bb{\u00ab\u00a0pix_res_sm_pb\u00ab\u00a0:\u00ab\u00a040\u00ab\u00a0,\u00ab\u00a0pix_res_md_pb\u00ab\u00a0:\u00ab\u00a040\u00ab\u00a0}\u00a0\u00bb css=\u00a0\u00bb.vc_custom_1633946124626{margin-top: 24px !important;}\u00a0\u00bb][vc_column][\/vc_column][\/vc_row][vc_row full_width=\u00a0\u00bbstretch_row_content_no_spaces\u00a0\u00bb gap=\u00a0\u00bb25&Prime; pix_particles_check=\u00a0\u00bb\u00a0\u00bb responsive_css=\u00a0\u00bb{\u00ab\u00a0pix_res_sm_pt\u00ab\u00a0:\u00ab\u00a020\u00ab\u00a0,\u00ab\u00a0pix_res_md_pt\u00ab\u00a0:\u00ab\u00a030\u00ab\u00a0}\u00a0\u00bb css=\u00a0\u00bb.vc_custom_1631804290795{margin-right: 15% !important;margin-left: 15% !important;padding-top: 16px !important;}\u00a0\u00bb][vc_column width=\u00a0\u00bb1\/6&Prime;][\/vc_column][vc_column width=\u00a0\u00bb1\/6&Prime; content_align=\u00a0\u00bbtext-center\u00a0\u00bb][\/vc_column][vc_column width=\u00a0\u00bb1\/6&Prime; content_align=\u00a0\u00bbtext-center\u00a0\u00bb][\/vc_column][vc_column width=\u00a0\u00bb1\/6&Prime; content_align=\u00a0\u00bbtext-center\u00a0\u00bb][\/vc_column][vc_column width=\u00a0\u00bb1\/6&Prime; content_align=\u00a0\u00bbtext-center\u00a0\u00bb][\/vc_column][vc_column width=\u00a0\u00bb1\/6&Prime;][\/vc_column][\/vc_row][vc_row pix_particles_check=\u00a0\u00bb\u00a0\u00bb css=\u00a0\u00bb.vc_custom_1638868856593{margin-top: 40px !important;}\u00a0\u00bb][vc_column width=\u00a0\u00bb1\/4&Prime;][\/vc_column][vc_column width=\u00a0\u00bb1\/2&Prime; el_class=\u00a0\u00bbstatsJauges\u00a0\u00bb][\/vc_column][vc_column width=\u00a0\u00bb1\/4&Prime;][\/vc_column][\/vc_row]","og_url":"https:\/\/cinfrance.fr\/index.php\/statistiques\/","og_site_name":"CIN FRANCE","article_modified_time":"2026-04-29T06:51:32+00:00","twitter_card":"summary_large_image","twitter_misc":{"Dur\u00e9e de lecture estim\u00e9e":"5 minutes"},"schema":{"@context":"https:\/\/schema.org","@graph":[{"@type":"WebPage","@id":"https:\/\/cinfrance.fr\/index.php\/statistiques\/","url":"https:\/\/cinfrance.fr\/index.php\/statistiques\/","name":"Le CIN en chiffres - CIN FRANCE","isPartOf":{"@id":"https:\/\/cinfrance.fr\/#website"},"datePublished":"2021-10-11T13:13:45+00:00","dateModified":"2026-04-29T06:51:32+00:00","breadcrumb":{"@id":"https:\/\/cinfrance.fr\/index.php\/statistiques\/#breadcrumb"},"inLanguage":"fr-FR","potentialAction":[{"@type":"ReadAction","target":["https:\/\/cinfrance.fr\/index.php\/statistiques\/"]}]},{"@type":"BreadcrumbList","@id":"https:\/\/cinfrance.fr\/index.php\/statistiques\/#breadcrumb","itemListElement":[{"@type":"ListItem","position":1,"name":"Accueil","item":"https:\/\/cinfrance.fr\/"},{"@type":"ListItem","position":2,"name":"Le CIN en chiffres"}]},{"@type":"WebSite","@id":"https:\/\/cinfrance.fr\/#website","url":"https:\/\/cinfrance.fr\/","name":"CIN FRANCE","description":"Cargo information network france","potentialAction":[{"@type":"SearchAction","target":{"@type":"EntryPoint","urlTemplate":"https:\/\/cinfrance.fr\/?s={search_term_string}"},"query-input":"required name=search_term_string"}],"inLanguage":"fr-FR"}]}},"jetpack_sharing_enabled":true,"_links":{"self":[{"href":"https:\/\/cinfrance.fr\/index.php\/wp-json\/wp\/v2\/pages\/3734","targetHints":{"allow":["GET"]}}],"collection":[{"href":"https:\/\/cinfrance.fr\/index.php\/wp-json\/wp\/v2\/pages"}],"about":[{"href":"https:\/\/cinfrance.fr\/index.php\/wp-json\/wp\/v2\/types\/page"}],"author":[{"embeddable":true,"href":"https:\/\/cinfrance.fr\/index.php\/wp-json\/wp\/v2\/users\/1"}],"replies":[{"embeddable":true,"href":"https:\/\/cinfrance.fr\/index.php\/wp-json\/wp\/v2\/comments?post=3734"}],"version-history":[{"count":66,"href":"https:\/\/cinfrance.fr\/index.php\/wp-json\/wp\/v2\/pages\/3734\/revisions"}],"predecessor-version":[{"id":4912,"href":"https:\/\/cinfrance.fr\/index.php\/wp-json\/wp\/v2\/pages\/3734\/revisions\/4912"}],"wp:attachment":[{"href":"https:\/\/cinfrance.fr\/index.php\/wp-json\/wp\/v2\/media?parent=3734"}],"curies":[{"name":"wp","href":"https:\/\/api.w.org\/{rel}","templated":true}]}}