{"id":3629,"date":"2021-09-16T12:05:18","date_gmt":"2021-09-16T10:05:18","guid":{"rendered":"https:\/\/cinfrance.fr\/?page_id=3629"},"modified":"2025-02-17T15:42:52","modified_gmt":"2025-02-17T14:42:52","slug":"mentions-legales","status":"publish","type":"page","link":"https:\/\/cinfrance.fr\/index.php\/mentions-legales\/","title":{"rendered":"Mentions l\u00e9gales"},"content":{"rendered":"\n<p><strong>Informations l\u00e9gales<\/strong><\/p>\n\n\n\n<p>CINFRANCE.FR est \u00e9dit\u00e9 par la soci\u00e9t\u00e9 CIN France, SAS au capital de 600 000 \u20ac<br><br>RCS Bobigny: B 524 837 663 CARGO INFORMATION NETWORK FRANCE CARGO 2 RUE DES VOYELLES CS 19038 TREMBLAY en France<\/p>\n\n\n\n<p>95723 ROISSY CH DE GAULLE CEDEX<\/p>\n\n\n\n<p><br>No de t\u00e9l\u00e9phone : +33 (0)1 48 16 71 21<br>Responsable de publication : Jean-Fran\u00e7ois BOUILHAGUET<br>H\u00e9bergeur : CELESTE &#8211; 20 Rue Albert Einstein, 77420 Champs-sur-Marne<\/p>\n\n\n\n<p><strong>Le Site<\/strong><\/p>\n\n\n\n<p>CINFRANCE.FR est un site d&rsquo;information d\u00e9di\u00e9 aux professionnels du transport de marchandises par voies a\u00e9riennes. Le site propose des articles d&rsquo;actualit\u00e9 \u00e0 destination des op\u00e9rateurs de fret a\u00e9rien et autour des fonctionnalit\u00e9s de la plateforme de CIN France.<\/p>\n\n\n\n<p>Le site comporte deux parties :<br>&#8211; Une partie \u00ab\u00a0publique\u00a0\u00bb comportant des informations d&rsquo;ordre g\u00e9n\u00e9ral,<br>&#8211; Une partie priv\u00e9e, accessible aux seuls adh\u00e9rents de CIN France et comportant des informations plus d\u00e9taill\u00e9es sur les services propos\u00e9s par CIN France ainsi que l&rsquo;acc\u00e8s \u00e0 des documentations techniques.<\/p>\n\n\n\n<p>Le site est cr\u00e9\u00e9 par&nbsp;4sh<\/p>\n\n\n\n<p><strong>Charte de confidentialit\u00e9<\/strong><\/p>\n\n\n\n<p>Les donn\u00e9es collect\u00e9es au travers des formulaires de \u00ab\u00a0contact\u00a0\u00bb ou de \u00ab\u00a0demande support\u00a0\u00bb ne seront utilis\u00e9es, en aucun cas \u00e0 des fins commerciales ou politiques. Ces donn\u00e9es ne sont pas non plus stock\u00e9es dans une base de donn\u00e9es et ne sont utilis\u00e9es que pour identifier l&rsquo;\u00e9metteur des formulaires et, pouvoir lui apporter une r\u00e9ponse gr\u00e2ce \u00e0 son adresse mail.<\/p>\n\n\n\n<p><strong>Port\u00e9e des contenus<\/strong><\/p>\n\n\n\n<p>Les documents et articles pr\u00e9sent\u00e9s sur le site le sont \u00e0 titre informatif et ne sauraient engager CIN France.<\/p>\n\n\n\n<p><strong>Cr\u00e9er un lien vers cinfrance.fr<\/strong><br><br>Le site CINFRANCE.FR autorise la mise en place d\u2019un lien hypertexte pointant vers son contenu, sous r\u00e9serve :<\/p>\n\n\n\n<ul class=\"wp-block-list\">\n<li>Que le lien pointant vers le site de CIN France soit accessible par l\u2019ouverture d\u2019une nouvelle fen\u00eatre\/onglet,<\/li>\n\n\n\n<li>Que la balise title du lien mentionne&nbsp; www.cinfrance.fr,<\/li>\n\n\n\n<li>Que les informations ne doivent \u00eatre utilis\u00e9es qu&rsquo;\u00e0 des fins personnelles, associatives ou professionnelles.<\/li>\n<\/ul>\n\n\n\n<p>Toute utilisation \u00e0 des fins commerciales ou publicitaires est exclue.<\/p>\n\n\n\n<p>Cette autorisation exclut l&rsquo;utilisation du logo CIN France.<\/p>\n\n\n\n<p><strong>Droit d\u2019auteur &#8211; Copyright \u00a9 &#8211; r\u00e9utilisation des contenus<\/strong><\/p>\n\n\n\n<p>A l\u2019exception du logo, la reproduction de tout ou partie du contenu de ce site sur un support \u00e9lectronique est autoris\u00e9e sous r\u00e9serve de l&rsquo;ajout de fa\u00e7on claire et lisible de la source et de la mention suivante :&nbsp; \u00ab\u00a0\u00a9 CIN France &#8211; Tous droits r\u00e9serv\u00e9s\u00a0\u00bb.<\/p>\n\n\n\n<p><br>Les informations utilis\u00e9es ne doivent l&rsquo;\u00eatre qu&rsquo;\u00e0 des fins personnelles, associatives ou professionnelles ; toute utilisation \u00e0 des fins commerciales ou publicitaires est exclue.<\/p>\n\n\n\n<p>Cette autorisation ne s\u2019applique pas aux sites internet diffusant des informations \u00e0 caract\u00e8re pol\u00e9mique, pornographique, x\u00e9nophobe ou pouvant, dans une plus large mesure porter atteinte \u00e0 la sensibilit\u00e9 du plus grand nombre.<\/p>\n","protected":false},"excerpt":{"rendered":"Informations l\u00e9gales CINFRANCE.FR est \u00e9dit\u00e9 par la soci\u00e9t\u00e9 CIN France, SAS au capital de 600 000 \u20acRCS Bobigny: B 524 837 663 CARGO INFORMATION NETWORK FRANCE CARGO 2 RUE DES VOYELLES CS 19038 TREMBLAY en France 95723 ROISSY CH DE&#8230;","protected":false},"author":1,"featured_media":0,"parent":0,"menu_order":0,"comment_status":"closed","ping_status":"closed","template":"","meta":{"footnotes":""},"class_list":["post-3629","page","type-page","status-publish","hentry"],"yoast_head":"<!-- This site is optimized with the Yoast SEO plugin v22.4 - https:\/\/yoast.com\/wordpress\/plugins\/seo\/ -->\n<title>Mentions l\u00e9gales - CIN FRANCE<\/title>\n<meta name=\"robots\" content=\"noindex, follow, max-snippet:-1, max-image-preview:large, max-video-preview:-1\" \/>\n<meta property=\"og:locale\" content=\"fr_FR\" \/>\n<meta property=\"og:type\" content=\"article\" \/>\n<meta property=\"og:title\" content=\"Mentions l\u00e9gales - CIN FRANCE\" \/>\n<meta property=\"og:description\" content=\"Informations l\u00e9gales CINFRANCE.FR est \u00e9dit\u00e9 par la soci\u00e9t\u00e9 CIN France, SAS au capital de 600 000 \u20acRCS Bobigny: B 524 837 663 CARGO INFORMATION NETWORK FRANCE CARGO 2 RUE DES VOYELLES CS 19038 TREMBLAY en France 95723 ROISSY CH DE...\" \/>\n<meta property=\"og:url\" content=\"https:\/\/cinfrance.fr\/index.php\/mentions-legales\/\" \/>\n<meta property=\"og:site_name\" content=\"CIN FRANCE\" \/>\n<meta property=\"article:modified_time\" content=\"2025-02-17T14:42:52+00:00\" \/>\n<meta name=\"twitter:card\" content=\"summary_large_image\" \/>\n<meta name=\"twitter:label1\" content=\"Dur\u00e9e de lecture estim\u00e9e\" \/>\n\t<meta name=\"twitter:data1\" content=\"2 minutes\" \/>\n<script type=\"application\/ld+json\" class=\"yoast-schema-graph\">{\"@context\":\"https:\/\/schema.org\",\"@graph\":[{\"@type\":\"WebPage\",\"@id\":\"https:\/\/cinfrance.fr\/index.php\/mentions-legales\/\",\"url\":\"https:\/\/cinfrance.fr\/index.php\/mentions-legales\/\",\"name\":\"Mentions l\u00e9gales - CIN FRANCE\",\"isPartOf\":{\"@id\":\"https:\/\/cinfrance.fr\/#website\"},\"datePublished\":\"2021-09-16T10:05:18+00:00\",\"dateModified\":\"2025-02-17T14:42:52+00:00\",\"breadcrumb\":{\"@id\":\"https:\/\/cinfrance.fr\/index.php\/mentions-legales\/#breadcrumb\"},\"inLanguage\":\"fr-FR\",\"potentialAction\":[{\"@type\":\"ReadAction\",\"target\":[\"https:\/\/cinfrance.fr\/index.php\/mentions-legales\/\"]}]},{\"@type\":\"BreadcrumbList\",\"@id\":\"https:\/\/cinfrance.fr\/index.php\/mentions-legales\/#breadcrumb\",\"itemListElement\":[{\"@type\":\"ListItem\",\"position\":1,\"name\":\"Accueil\",\"item\":\"https:\/\/cinfrance.fr\/\"},{\"@type\":\"ListItem\",\"position\":2,\"name\":\"Mentions l\u00e9gales\"}]},{\"@type\":\"WebSite\",\"@id\":\"https:\/\/cinfrance.fr\/#website\",\"url\":\"https:\/\/cinfrance.fr\/\",\"name\":\"CIN FRANCE\",\"description\":\"Cargo information network france\",\"potentialAction\":[{\"@type\":\"SearchAction\",\"target\":{\"@type\":\"EntryPoint\",\"urlTemplate\":\"https:\/\/cinfrance.fr\/?s={search_term_string}\"},\"query-input\":\"required name=search_term_string\"}],\"inLanguage\":\"fr-FR\"}]}<\/script>\n<!-- \/ Yoast SEO plugin. -->","yoast_head_json":{"title":"Mentions l\u00e9gales - CIN FRANCE","robots":{"index":"noindex","follow":"follow","max-snippet":"max-snippet:-1","max-image-preview":"max-image-preview:large","max-video-preview":"max-video-preview:-1"},"og_locale":"fr_FR","og_type":"article","og_title":"Mentions l\u00e9gales - CIN FRANCE","og_description":"Informations l\u00e9gales CINFRANCE.FR est \u00e9dit\u00e9 par la soci\u00e9t\u00e9 CIN France, SAS au capital de 600 000 \u20acRCS Bobigny: B 524 837 663 CARGO INFORMATION NETWORK FRANCE CARGO 2 RUE DES VOYELLES CS 19038 TREMBLAY en France 95723 ROISSY CH DE...","og_url":"https:\/\/cinfrance.fr\/index.php\/mentions-legales\/","og_site_name":"CIN FRANCE","article_modified_time":"2025-02-17T14:42:52+00:00","twitter_card":"summary_large_image","twitter_misc":{"Dur\u00e9e de lecture estim\u00e9e":"2 minutes"},"schema":{"@context":"https:\/\/schema.org","@graph":[{"@type":"WebPage","@id":"https:\/\/cinfrance.fr\/index.php\/mentions-legales\/","url":"https:\/\/cinfrance.fr\/index.php\/mentions-legales\/","name":"Mentions l\u00e9gales - CIN FRANCE","isPartOf":{"@id":"https:\/\/cinfrance.fr\/#website"},"datePublished":"2021-09-16T10:05:18+00:00","dateModified":"2025-02-17T14:42:52+00:00","breadcrumb":{"@id":"https:\/\/cinfrance.fr\/index.php\/mentions-legales\/#breadcrumb"},"inLanguage":"fr-FR","potentialAction":[{"@type":"ReadAction","target":["https:\/\/cinfrance.fr\/index.php\/mentions-legales\/"]}]},{"@type":"BreadcrumbList","@id":"https:\/\/cinfrance.fr\/index.php\/mentions-legales\/#breadcrumb","itemListElement":[{"@type":"ListItem","position":1,"name":"Accueil","item":"https:\/\/cinfrance.fr\/"},{"@type":"ListItem","position":2,"name":"Mentions l\u00e9gales"}]},{"@type":"WebSite","@id":"https:\/\/cinfrance.fr\/#website","url":"https:\/\/cinfrance.fr\/","name":"CIN FRANCE","description":"Cargo information network france","potentialAction":[{"@type":"SearchAction","target":{"@type":"EntryPoint","urlTemplate":"https:\/\/cinfrance.fr\/?s={search_term_string}"},"query-input":"required name=search_term_string"}],"inLanguage":"fr-FR"}]}},"jetpack_sharing_enabled":true,"_links":{"self":[{"href":"https:\/\/cinfrance.fr\/index.php\/wp-json\/wp\/v2\/pages\/3629","targetHints":{"allow":["GET"]}}],"collection":[{"href":"https:\/\/cinfrance.fr\/index.php\/wp-json\/wp\/v2\/pages"}],"about":[{"href":"https:\/\/cinfrance.fr\/index.php\/wp-json\/wp\/v2\/types\/page"}],"author":[{"embeddable":true,"href":"https:\/\/cinfrance.fr\/index.php\/wp-json\/wp\/v2\/users\/1"}],"replies":[{"embeddable":true,"href":"https:\/\/cinfrance.fr\/index.php\/wp-json\/wp\/v2\/comments?post=3629"}],"version-history":[{"count":5,"href":"https:\/\/cinfrance.fr\/index.php\/wp-json\/wp\/v2\/pages\/3629\/revisions"}],"predecessor-version":[{"id":4440,"href":"https:\/\/cinfrance.fr\/index.php\/wp-json\/wp\/v2\/pages\/3629\/revisions\/4440"}],"wp:attachment":[{"href":"https:\/\/cinfrance.fr\/index.php\/wp-json\/wp\/v2\/media?parent=3629"}],"curies":[{"name":"wp","href":"https:\/\/api.w.org\/{rel}","templated":true}]}}